{"id":2157,"date":"2025-02-14T13:18:30","date_gmt":"2025-02-14T13:18:30","guid":{"rendered":"https:\/\/deauvilleresidence.com\/es\/?page_id=2157"},"modified":"2025-07-26T15:10:39","modified_gmt":"2025-07-26T15:10:39","slug":"sobre-nosotras","status":"publish","type":"page","link":"https:\/\/deauvilleresidence.com\/es\/sobre-nosotras\/","title":{"rendered":"Sobre nosotras"},"content":{"rendered":"<p>[et_pb_section fb_built=&#8221;1&#8243; custom_padding_last_edited=&#8221;on|phone&#8221; _builder_version=&#8221;4.27.3&#8243; _module_preset=&#8221;default&#8221; background_color=&#8221;rgba(0,0,0,0.7)&#8221; background_image=&#8221;https:\/\/deauvilleresidence.com\/es\/wp-content\/uploads\/72-park-residences-header.jpg&#8221; background_blend=&#8221;overlay&#8221; custom_padding=&#8221;90px||90px|||&#8221; custom_padding_tablet=&#8221;90px||90px|||&#8221; custom_padding_phone=&#8221;50px||50px||true|false&#8221; global_colors_info=&#8221;{}&#8221;][et_pb_row _builder_version=&#8221;4.17.4&#8243; _module_preset=&#8221;default&#8221; global_colors_info=&#8221;{}&#8221;][et_pb_column type=&#8221;4_4&#8243; _builder_version=&#8221;4.17.4&#8243; _module_preset=&#8221;default&#8221; global_colors_info=&#8221;{}&#8221;][et_pb_text _builder_version=&#8221;4.27.4&#8243; _module_preset=&#8221;default&#8221; text_font=&#8221;|600|||||||&#8221; text_text_color=&#8221;#FFFFFF&#8221; text_font_size=&#8221;25px&#8221; header_font=&#8221;|700||on|||||&#8221; header_text_align=&#8221;center&#8221; header_text_color=&#8221;#FFFFFF&#8221; header_font_size=&#8221;50px&#8221; text_orientation=&#8221;center&#8221; hover_enabled=&#8221;0&#8243; header_font_size_tablet=&#8221;50px&#8221; header_font_size_phone=&#8221;40px&#8221; header_font_size_last_edited=&#8221;on|phone&#8221; header_text_shadow_style=&#8221;preset3&#8243; header_text_shadow_blur_strength=&#8221;0.69em&#8221; header_text_shadow_color=&#8221;#000000&#8243; global_colors_info=&#8221;{}&#8221; sticky_enabled=&#8221;0&#8243;]<\/p>\n<h1>Sobre nosotras<\/h1>\n<p>[\/et_pb_text][\/et_pb_column][\/et_pb_row][\/et_pb_section][et_pb_section fb_built=&#8221;1&#8243; _builder_version=&#8221;4.22.1&#8243; _module_preset=&#8221;default&#8221; background_color=&#8221;#f7f7f9&#8243; custom_padding=&#8221;||2px|||&#8221; global_colors_info=&#8221;{}&#8221;][et_pb_row _builder_version=&#8221;4.27.4&#8243; _module_preset=&#8221;default&#8221; width=&#8221;90%&#8221; max_width=&#8221;90%&#8221; global_colors_info=&#8221;{}&#8221;][et_pb_column type=&#8221;4_4&#8243; _builder_version=&#8221;4.20.2&#8243; _module_preset=&#8221;default&#8221; global_colors_info=&#8221;{}&#8221;][et_pb_text _builder_version=&#8221;4.27.4&#8243; _module_preset=&#8221;default&#8221; text_font=&#8221;Adamina||||||||&#8221; text_text_color=&#8221;#000000&#8243; text_line_height=&#8221;1.8em&#8221; header_2_font=&#8221;|700||||on|||&#8221; header_2_text_color=&#8221;#000000&#8243; custom_margin=&#8221;-41px|||||&#8221; hover_enabled=&#8221;0&#8243; global_colors_info=&#8221;{}&#8221; sticky_enabled=&#8221;0&#8243;]<\/p>\n<h2>Sobre nosotros: Miami Dream Properties<\/h2>\n<p>Sobre nosotros: Bienvenido a Miami Dream Properties, donde sus sue\u00f1os inmobiliarios se fusionan con el vibrante para\u00edso del sur de Florida. Desde la energ\u00eda electrizante de Miami hasta la serena elegancia de Palm Beach, nuestra regi\u00f3n es un mosaico de culturas, estilos de vida y paisajes impresionantes. Durante m\u00e1s de 20 a\u00f1os, nuestro equipo apasionado y experimentado se ha dedicado a brindar soluciones inmobiliarias personalizadas que superan las expectativas. Nos enorgullecemos de convertir sus aspiraciones en realidad, asegurando que cada cliente encuentre su rinc\u00f3n perfecto en este para\u00edso tropical.<\/p>\n<p>En Miami Dream Properties, nos especializamos en casas de obra nueva, propiedades de lujo, casas vacacionales y oportunidades de inversi\u00f3n. Ya sea que compre por primera vez, sea un inversionista experimentado o busque vender, nuestro equipo se compromete a hacer que el proceso sea fluido, sin estr\u00e9s y adaptado a sus necesidades \u00fanicas.<\/p>\n<p>[\/et_pb_text][\/et_pb_column][\/et_pb_row][et_pb_row _builder_version=&#8221;4.27.4&#8243; _module_preset=&#8221;default&#8221; global_colors_info=&#8221;{}&#8221;][et_pb_column type=&#8221;4_4&#8243; _builder_version=&#8221;4.27.4&#8243; _module_preset=&#8221;default&#8221; global_colors_info=&#8221;{}&#8221;][et_pb_image src=&#8221;https:\/\/deauvilleresidence.com\/es\/wp-content\/uploads\/miami-dream-properties_logo.png&#8221; title_text=&#8221;miami-dream-properties_logo&#8221; align=&#8221;center&#8221; _builder_version=&#8221;4.27.4&#8243; _module_preset=&#8221;default&#8221; global_colors_info=&#8221;{}&#8221;][\/et_pb_image][\/et_pb_column][\/et_pb_row][\/et_pb_section][et_pb_section fb_built=&#8221;1&#8243; _builder_version=&#8221;4.22.1&#8243; _module_preset=&#8221;default&#8221; background_color=&#8221;#f7f7f9&#8243; custom_padding=&#8221;||2px|||&#8221; global_colors_info=&#8221;{}&#8221;][et_pb_row column_structure=&#8221;3_5,2_5&#8243; _builder_version=&#8221;4.27.4&#8243; _module_preset=&#8221;default&#8221; width=&#8221;90%&#8221; max_width=&#8221;90%&#8221; global_colors_info=&#8221;{}&#8221;][et_pb_column type=&#8221;3_5&#8243; _builder_version=&#8221;4.20.2&#8243; _module_preset=&#8221;default&#8221; global_colors_info=&#8221;{}&#8221;][et_pb_text _builder_version=&#8221;4.27.4&#8243; _module_preset=&#8221;default&#8221; text_font=&#8221;Adamina||||||||&#8221; text_text_color=&#8221;#000000&#8243; text_line_height=&#8221;1.8em&#8221; header_2_font=&#8221;|700||||on|||&#8221; header_2_text_color=&#8221;#000000&#8243; header_3_font=&#8221;|600|||||||&#8221; header_3_text_color=&#8221;#000000&#8243; header_3_line_height=&#8221;1.5em&#8221; custom_margin=&#8221;-41px|||||&#8221; hover_enabled=&#8221;0&#8243; header_2_text_align_tablet=&#8221;&#8221; header_2_text_align_phone=&#8221;center&#8221; header_2_text_align_last_edited=&#8221;on|phone&#8221; header_3_text_align_tablet=&#8221;&#8221; header_3_text_align_phone=&#8221;center&#8221; header_3_text_align_last_edited=&#8221;on|phone&#8221; global_colors_info=&#8221;{}&#8221; sticky_enabled=&#8221;0&#8243;]<\/p>\n<h2>Acerca de Joseph Ghanime<\/h2>\n<h3>Especialista en Obras Nuevas &#8211; NO Desarrollador &#8211; REPRESENTANTE DEL COMPRADOR<\/h3>\n<p>Joseph Ghanime es una figura de confianza en el mercado inmobiliario del sur de Florida, especializado en viviendas de obra nueva. Con un compromiso inquebrantable con la excelencia y un profundo conocimiento del mercado local, Joseph ha ayudado a innumerables clientes a navegar las complejidades de comprar o construir la casa de sus sue\u00f1os. Su experiencia abarca desde lujosas propiedades frente al mar hasta modernos condominios urbanos, garantizando que cada cliente reciba una orientaci\u00f3n y resultados inigualables.<\/p>\n<p>El enfoque de Joseph se basa en el profesionalismo, la integridad y un trato personalizado. Se toma el tiempo necesario para comprender su visi\u00f3n, estilo de vida y objetivos, asegur\u00e1ndose de que su nueva casa no sea solo una propiedad, sino un reflejo de sus sue\u00f1os. Ya sea que busque una propiedad a medida o una obra maestra lista para habitar, la extensa red de constructores, desarrolladores y profesionales del sector de Joseph le garantiza una experiencia impecable de principio a fin.<\/p>\n<p>[\/et_pb_text][\/et_pb_column][et_pb_column type=&#8221;2_5&#8243; _builder_version=&#8221;4.20.2&#8243; _module_preset=&#8221;default&#8221; global_colors_info=&#8221;{}&#8221;][et_pb_image src=&#8221;https:\/\/deauvilleresidence.com\/es\/wp-content\/uploads\/joseph-ghanime.jpeg&#8221; alt=&#8221;About Us: Miami Dream Properties&#8221; title_text=&#8221;Joseph Ghanime&#8221; _builder_version=&#8221;4.27.4&#8243; _module_preset=&#8221;default&#8221; global_colors_info=&#8221;{}&#8221;][\/et_pb_image][\/et_pb_column][\/et_pb_row][\/et_pb_section][et_pb_section fb_built=&#8221;1&#8243; _builder_version=&#8221;4.27.4&#8243; _module_preset=&#8221;default&#8221; custom_padding=&#8221;|||1px||&#8221; global_colors_info=&#8221;{}&#8221;][et_pb_row _builder_version=&#8221;4.27.4&#8243; _module_preset=&#8221;default&#8221; width=&#8221;90%&#8221; max_width=&#8221;90%&#8221; global_colors_info=&#8221;{}&#8221;][et_pb_column type=&#8221;4_4&#8243; _builder_version=&#8221;4.27.4&#8243; _module_preset=&#8221;default&#8221; global_colors_info=&#8221;{}&#8221;][et_pb_text _builder_version=&#8221;4.27.4&#8243; _module_preset=&#8221;default&#8221; text_text_color=&#8221;#000000&#8243; header_2_font=&#8221;|700||||on|||&#8221; header_2_text_align=&#8221;center&#8221; header_3_font=&#8221;|700|||||||&#8221; header_3_text_color=&#8221;#000000&#8243; custom_margin_tablet=&#8221;&#8221; custom_margin_phone=&#8221;-61px||-61px||true|false&#8221; custom_margin_last_edited=&#8221;on|phone&#8221; global_colors_info=&#8221;{}&#8221;]<\/p>\n<h3>Why Work with Joseph Ghanime?<\/h3>\n<p>[\/et_pb_text][\/et_pb_column][\/et_pb_row][et_pb_row column_structure=&#8221;1_4,1_4,1_4,1_4&#8243; use_custom_gutter=&#8221;on&#8221; gutter_width=&#8221;2&#8243; _builder_version=&#8221;4.27.4&#8243; _module_preset=&#8221;default&#8221; width=&#8221;90%&#8221; max_width=&#8221;90%&#8221; global_colors_info=&#8221;{}&#8221;][et_pb_column type=&#8221;1_4&#8243; _builder_version=&#8221;4.27.4&#8243; _module_preset=&#8221;default&#8221; global_colors_info=&#8221;{}&#8221;][et_pb_blurb title=&#8221;Expertise in New Construction&#8221; use_icon=&#8221;on&#8221; font_icon=&#8221;&#xf6f1;||fa||900&#8243; icon_color=&#8221;rgba(0,0,0,0.7)&#8221; _builder_version=&#8221;4.27.4&#8243; _module_preset=&#8221;default&#8221; header_font=&#8221;|700||||on|||&#8221; header_text_align=&#8221;center&#8221; header_text_color=&#8221;#000000&#8243; header_line_height=&#8221;1.5em&#8221; body_text_align=&#8221;center&#8221; body_text_color=&#8221;#000000&#8243; global_colors_info=&#8221;{}&#8221;]<\/p>\n<p>Joseph\u2019s specialized knowledge of new construction homes ensures you have access to the latest developments, trends, and opportunities in South Florida\u2019s competitive market.<\/p>\n<p>[\/et_pb_blurb][\/et_pb_column][et_pb_column type=&#8221;1_4&#8243; _builder_version=&#8221;4.27.4&#8243; _module_preset=&#8221;default&#8221; global_colors_info=&#8221;{}&#8221;][et_pb_blurb title=&#8221; Local Market Mastery&#8221; use_icon=&#8221;on&#8221; font_icon=&#8221;&#xf590;||fa||900&#8243; icon_color=&#8221;rgba(0,0,0,0.7)&#8221; _builder_version=&#8221;4.27.4&#8243; _module_preset=&#8221;default&#8221; header_font=&#8221;|700||||on|||&#8221; header_text_align=&#8221;center&#8221; header_text_color=&#8221;#000000&#8243; header_line_height=&#8221;1.5em&#8221; body_text_align=&#8221;center&#8221; body_text_color=&#8221;#000000&#8243; global_colors_info=&#8221;{}&#8221;]<\/p>\n<p>With years of experience and a deep understanding of South Florida\u2019s neighborhoods, Joseph provides invaluable insights to help you make informed decisions.<\/p>\n<p>[\/et_pb_blurb][\/et_pb_column][et_pb_column type=&#8221;1_4&#8243; _builder_version=&#8221;4.27.4&#8243; _module_preset=&#8221;default&#8221; global_colors_info=&#8221;{}&#8221;][et_pb_blurb title=&#8221;Builder and Developer Connections&#8221; use_icon=&#8221;on&#8221; font_icon=&#8221;&#xf5fd;||fa||900&#8243; icon_color=&#8221;rgba(0,0,0,0.7)&#8221; _builder_version=&#8221;4.27.4&#8243; _module_preset=&#8221;default&#8221; header_font=&#8221;|700||||on|||&#8221; header_text_align=&#8221;center&#8221; header_text_color=&#8221;#000000&#8243; header_line_height=&#8221;1.5em&#8221; body_text_align=&#8221;center&#8221; body_text_color=&#8221;#000000&#8243; global_colors_info=&#8221;{}&#8221;]<\/p>\n<p>Joseph\u2019s strong relationships with top builders and developers give you exclusive access to the best properties and deals.<\/p>\n<p>[\/et_pb_blurb][\/et_pb_column][et_pb_column type=&#8221;1_4&#8243; _builder_version=&#8221;4.27.4&#8243; _module_preset=&#8221;default&#8221; global_colors_info=&#8221;{}&#8221;][et_pb_blurb title=&#8221;Stress-Free Experience&#8221; use_icon=&#8221;on&#8221; font_icon=&#8221;&#xf4b8;||fa||900&#8243; icon_color=&#8221;rgba(0,0,0,0.7)&#8221; _builder_version=&#8221;4.27.4&#8243; _module_preset=&#8221;default&#8221; header_font=&#8221;|700||||on|||&#8221; header_text_align=&#8221;center&#8221; header_text_color=&#8221;#000000&#8243; header_line_height=&#8221;1.5em&#8221; body_text_align=&#8221;center&#8221; body_text_color=&#8221;#000000&#8243; global_colors_info=&#8221;{}&#8221;]<\/p>\n<p>From concept to completion, Joseph handles every detail, ensuring a smooth and enjoyable journey to your dream home.<\/p>\n<p>[\/et_pb_blurb][\/et_pb_column][\/et_pb_row][\/et_pb_section]<\/p>\n","protected":false},"excerpt":{"rendered":"<p>Sobre nosotrasSobre nosotros: Miami Dream Properties Sobre nosotros: Bienvenido a Miami Dream Properties, donde sus sue\u00f1os inmobiliarios se fusionan con el vibrante para\u00edso del sur de Florida. Desde la energ\u00eda electrizante de Miami hasta la serena elegancia de Palm Beach, nuestra regi\u00f3n es un mosaico de culturas, estilos de vida y paisajes impresionantes. Durante m\u00e1s [&hellip;]<\/p>\n","protected":false},"author":1,"featured_media":0,"parent":0,"menu_order":0,"comment_status":"closed","ping_status":"closed","template":"","meta":{"_et_pb_use_builder":"on","_et_pb_old_content":"","_et_gb_content_width":"","footnotes":""},"class_list":["post-2157","page","type-page","status-publish","hentry"],"_links":{"self":[{"href":"https:\/\/deauvilleresidence.com\/es\/wp-json\/wp\/v2\/pages\/2157","targetHints":{"allow":["GET"]}}],"collection":[{"href":"https:\/\/deauvilleresidence.com\/es\/wp-json\/wp\/v2\/pages"}],"about":[{"href":"https:\/\/deauvilleresidence.com\/es\/wp-json\/wp\/v2\/types\/page"}],"author":[{"embeddable":true,"href":"https:\/\/deauvilleresidence.com\/es\/wp-json\/wp\/v2\/users\/1"}],"replies":[{"embeddable":true,"href":"https:\/\/deauvilleresidence.com\/es\/wp-json\/wp\/v2\/comments?post=2157"}],"version-history":[{"count":11,"href":"https:\/\/deauvilleresidence.com\/es\/wp-json\/wp\/v2\/pages\/2157\/revisions"}],"predecessor-version":[{"id":2488,"href":"https:\/\/deauvilleresidence.com\/es\/wp-json\/wp\/v2\/pages\/2157\/revisions\/2488"}],"wp:attachment":[{"href":"https:\/\/deauvilleresidence.com\/es\/wp-json\/wp\/v2\/media?parent=2157"}],"curies":[{"name":"wp","href":"https:\/\/api.w.org\/{rel}","templated":true}]}}